{"id":15,"date":"2015-01-28T07:06:49","date_gmt":"2015-01-28T07:06:49","guid":{"rendered":"http:\/\/localhost\/projects\/wildspiritafrica\/?page_id=15"},"modified":"2016-01-23T20:23:51","modified_gmt":"2016-01-23T19:23:51","slug":"privatevillasandyachts","status":"publish","type":"page","link":"https:\/\/www.wild-spirit-safari.com\/fr\/villas-et-yachts-prives\/","title":{"rendered":"Villas et yachts priv\u00e9s"},"content":{"rendered":"<p><strong>Recevez nos meilleures offres de villas, yachts ou voiliers priv\u00e9s :<\/strong><\/p>\n<p>&nbsp;<\/p>\n<p>Remplissez ce formulaire et un consultant sp\u00e9cialit\u00e9 vous contactera rapidement !<\/p>\n<p>Ou par email\u00a0: <a href=\"mailto:infos@wild-spirit-safari.com\">infos@wild-spirit-safari.com<\/a><\/p>","protected":false},"excerpt":{"rendered":"<p>Recevez nos meilleures offres de villas, yachts ou voiliers priv\u00e9s : &nbsp; Remplissez ce formulaire et un consultant sp\u00e9cialit\u00e9 vous contactera rapidement ! Ou par email\u00a0: infos@wild-spirit-safari.com<\/p>\n","protected":false},"author":1,"featured_media":1718,"parent":0,"menu_order":1,"comment_status":"open","ping_status":"open","template":"privatevillas.php","meta":{"footnotes":""},"_links":{"self":[{"href":"https:\/\/www.wild-spirit-safari.com\/fr\/wp-json\/wp\/v2\/pages\/15"}],"collection":[{"href":"https:\/\/www.wild-spirit-safari.com\/fr\/wp-json\/wp\/v2\/pages"}],"about":[{"href":"https:\/\/www.wild-spirit-safari.com\/fr\/wp-json\/wp\/v2\/types\/page"}],"author":[{"embeddable":true,"href":"https:\/\/www.wild-spirit-safari.com\/fr\/wp-json\/wp\/v2\/users\/1"}],"replies":[{"embeddable":true,"href":"https:\/\/www.wild-spirit-safari.com\/fr\/wp-json\/wp\/v2\/comments?post=15"}],"version-history":[{"count":3,"href":"https:\/\/www.wild-spirit-safari.com\/fr\/wp-json\/wp\/v2\/pages\/15\/revisions"}],"predecessor-version":[{"id":2322,"href":"https:\/\/www.wild-spirit-safari.com\/fr\/wp-json\/wp\/v2\/pages\/15\/revisions\/2322"}],"wp:featuredmedia":[{"embeddable":true,"href":"https:\/\/www.wild-spirit-safari.com\/fr\/wp-json\/wp\/v2\/media\/1718"}],"wp:attachment":[{"href":"https:\/\/www.wild-spirit-safari.com\/fr\/wp-json\/wp\/v2\/media?parent=15"}],"curies":[{"name":"wp","href":"https:\/\/api.w.org\/{rel}","templated":true}]}}